{"id":5,"date":"2021-01-05T17:47:48","date_gmt":"2021-01-05T17:47:48","guid":{"rendered":"http:\/\/menuple.com\/site\/?page_id=5"},"modified":"2022-03-17T12:37:07","modified_gmt":"2022-03-17T12:37:07","slug":"create-your-website-with-blocks","status":"publish","type":"page","link":"https:\/\/menuple.com\/site\/","title":{"rendered":"Ana Sayfa"},"content":{"rendered":"\n<!-- <a href=\"https:\/\/play.google.com\/store\/apps\/details?id=com.menuple.menuple&amp;pcampaignid=pcampaignidMKT-Other-global-all-co-prtnr-py-PartBadge-Mar2515-1\">\n\t<img decoding=\"async\" alt=\"Google Play\" den=\"\" al\u0131n'=\"\" src=\"https:\/\/play.google.com\/intl\/en_us\/badges\/static\/images\/badges\/tr_badge_web_generic.png\" width=\"200px\">\n<\/a> -->\n\n\n\n<h2 class=\"alignwide has-text-align-wide has-gigantic-font-size wp-block-heading\" style=\"line-height:1.1\"><strong>Restoran, kafe, bar vb i\u015fletmeler i\u00e7in online men\u00fc :<\/strong><\/h2>\n\n\n\n<div class=\"wp-block-columns alignwide are-vertically-aligned-top is-layout-flex wp-container-core-columns-is-layout-9d6595d7 wp-block-columns-is-layout-flex\">\n<div class=\"wp-block-column is-vertically-aligned-top is-layout-flow wp-block-column-is-layout-flow\">\n<h3 class=\"wp-block-heading\"><strong>Kontrol Paneli<\/strong><\/h3>\n\n\n\n<p>Sunulamayacak \u00fcr\u00fcnleri anl\u0131k olarak men\u00fcden \u00e7\u0131karabilme.<\/p>\n\n\n\n<p>Her \u00fcr\u00fcne foto\u011fraf y\u00fckleyebilme<\/p>\n<\/div>\n\n\n\n<div class=\"wp-block-column is-vertically-aligned-top is-layout-flow wp-block-column-is-layout-flow\">\n<h3 class=\"wp-block-heading\"><strong>Kampanyalar<\/strong><\/h3>\n\n\n\n<p>Tek butonla kampanya d\u00fczenleme.<\/p>\n\n\n\n<p>Normal fiyat ve kampanya fiyatlar\u0131n\u0131 anl\u0131k olarak de\u011fi\u015ftirebilme<\/p>\n<\/div>\n\n\n\n<div class=\"wp-block-column is-vertically-aligned-top is-layout-flow wp-block-column-is-layout-flow\">\n<h3 class=\"wp-block-heading\"><strong>\u00c7ok dilli men\u00fc<\/strong><\/h3>\n\n\n\n<p>Yabanc\u0131 m\u00fc\u015fteriler i\u00e7in \u00e7ok dilli men\u00fc ve yabanc\u0131 para birimi deste\u011fi.<\/p>\n<\/div>\n<\/div>\n\n\n\n<ul class=\"wp-block-list\"><li>QR kod ile men\u00fcye eri\u015fim<\/li><\/ul>\n\n\n\n<ul class=\"wp-block-list\"><li>Reklaml\u0131 versiyonunu \u00dcCRETS\u0130Z deneyin!<\/li><\/ul>\n\n\n\n<div style=\"height:26px\" aria-hidden=\"true\" class=\"wp-block-spacer\"><\/div>\n\n\n\n<div class=\"wp-block-columns alignwide are-vertically-aligned-center is-style-twentytwentyone-columns-overlap is-layout-flex wp-container-core-columns-is-layout-9d6595d7 wp-block-columns-is-layout-flex\">\n<div class=\"wp-block-column is-vertically-aligned-center is-layout-flow wp-block-column-is-layout-flow\">\n<figure class=\"wp-block-image alignfull size-large\"><img loading=\"lazy\" decoding=\"async\" width=\"498\" height=\"1024\" src=\"http:\/\/menuple.com\/site\/wp-content\/uploads\/2021\/01\/Screenshot_1608848473-498x1024.png\" alt=\"\" class=\"wp-image-42\" srcset=\"https:\/\/menuple.com\/site\/wp-content\/uploads\/2021\/01\/Screenshot_1608848473-498x1024.png 498w, https:\/\/menuple.com\/site\/wp-content\/uploads\/2021\/01\/Screenshot_1608848473-146x300.png 146w, https:\/\/menuple.com\/site\/wp-content\/uploads\/2021\/01\/Screenshot_1608848473-768x1579.png 768w, https:\/\/menuple.com\/site\/wp-content\/uploads\/2021\/01\/Screenshot_1608848473-747x1536.png 747w, https:\/\/menuple.com\/site\/wp-content\/uploads\/2021\/01\/Screenshot_1608848473-996x2048.png 996w, https:\/\/menuple.com\/site\/wp-content\/uploads\/2021\/01\/Screenshot_1608848473.png 1080w\" sizes=\"auto, (max-width: 498px) 100vw, 498px\" \/><\/figure>\n\n\n\n<div style=\"height:100px\" aria-hidden=\"true\" class=\"wp-block-spacer\"><\/div>\n\n\n\n<figure class=\"wp-block-image alignfull size-large is-style-twentytwentyone-image-frame\"><img loading=\"lazy\" decoding=\"async\" width=\"498\" height=\"1024\" src=\"http:\/\/menuple.com\/site\/wp-content\/uploads\/2021\/01\/Screenshot_1608849939-498x1024.png\" alt=\"\" class=\"wp-image-45\" srcset=\"https:\/\/menuple.com\/site\/wp-content\/uploads\/2021\/01\/Screenshot_1608849939-498x1024.png 498w, https:\/\/menuple.com\/site\/wp-content\/uploads\/2021\/01\/Screenshot_1608849939-146x300.png 146w, https:\/\/menuple.com\/site\/wp-content\/uploads\/2021\/01\/Screenshot_1608849939-768x1579.png 768w, https:\/\/menuple.com\/site\/wp-content\/uploads\/2021\/01\/Screenshot_1608849939-747x1536.png 747w, https:\/\/menuple.com\/site\/wp-content\/uploads\/2021\/01\/Screenshot_1608849939-996x2048.png 996w, https:\/\/menuple.com\/site\/wp-content\/uploads\/2021\/01\/Screenshot_1608849939.png 1080w\" sizes=\"auto, (max-width: 498px) 100vw, 498px\" \/><\/figure>\n\n\n\n<p><\/p>\n<\/div>\n\n\n\n<div class=\"wp-block-column is-vertically-aligned-center is-layout-flow wp-block-column-is-layout-flow\">\n<div style=\"height:100px\" aria-hidden=\"true\" class=\"wp-block-spacer\"><\/div>\n\n\n\n<figure class=\"wp-block-image size-large alignfull size-full is-style-twentytwentyone-border\"><img loading=\"lazy\" decoding=\"async\" width=\"498\" height=\"1024\" src=\"http:\/\/menuple.com\/site\/wp-content\/uploads\/2021\/01\/Screenshot_1608849023-498x1024.png\" alt=\"\" class=\"wp-image-43\" srcset=\"https:\/\/menuple.com\/site\/wp-content\/uploads\/2021\/01\/Screenshot_1608849023-498x1024.png 498w, https:\/\/menuple.com\/site\/wp-content\/uploads\/2021\/01\/Screenshot_1608849023-146x300.png 146w, https:\/\/menuple.com\/site\/wp-content\/uploads\/2021\/01\/Screenshot_1608849023-768x1579.png 768w, https:\/\/menuple.com\/site\/wp-content\/uploads\/2021\/01\/Screenshot_1608849023-747x1536.png 747w, https:\/\/menuple.com\/site\/wp-content\/uploads\/2021\/01\/Screenshot_1608849023-996x2048.png 996w, https:\/\/menuple.com\/site\/wp-content\/uploads\/2021\/01\/Screenshot_1608849023.png 1080w\" sizes=\"auto, (max-width: 498px) 100vw, 498px\" \/><\/figure>\n<\/div>\n<\/div>\n\n\n\n<div style=\"height:50px\" aria-hidden=\"true\" class=\"wp-block-spacer\"><\/div>\n","protected":false},"excerpt":{"rendered":"<p>Restoran, kafe, bar vb i\u015fletmeler i\u00e7in online men\u00fc : Kontrol Paneli Sunulamayacak \u00fcr\u00fcnleri anl\u0131k olarak men\u00fcden \u00e7\u0131karabilme. Her \u00fcr\u00fcne foto\u011fraf y\u00fckleyebilme Kampanyalar Tek butonla kampanya d\u00fczenleme. Normal fiyat ve kampanya fiyatlar\u0131n\u0131 anl\u0131k olarak de\u011fi\u015ftirebilme \u00c7ok dilli men\u00fc Yabanc\u0131 m\u00fc\u015fteriler i\u00e7in \u00e7ok dilli men\u00fc ve yabanc\u0131 para birimi deste\u011fi. QR kod ile men\u00fcye eri\u015fim Reklaml\u0131 versiyonunu &hellip; <\/p>\n<p class=\"link-more\"><a href=\"https:\/\/menuple.com\/site\/\" class=\"more-link\">Continue reading<span class=\"screen-reader-text\"> &#8220;Ana Sayfa&#8221;<\/span><\/a><\/p>\n","protected":false},"author":1,"featured_media":0,"parent":0,"menu_order":0,"comment_status":"closed","ping_status":"closed","template":"","meta":{"footnotes":""},"class_list":["post-5","page","type-page","status-publish","hentry"],"_links":{"self":[{"href":"https:\/\/menuple.com\/site\/wp-json\/wp\/v2\/pages\/5","targetHints":{"allow":["GET"]}}],"collection":[{"href":"https:\/\/menuple.com\/site\/wp-json\/wp\/v2\/pages"}],"about":[{"href":"https:\/\/menuple.com\/site\/wp-json\/wp\/v2\/types\/page"}],"author":[{"embeddable":true,"href":"https:\/\/menuple.com\/site\/wp-json\/wp\/v2\/users\/1"}],"replies":[{"embeddable":true,"href":"https:\/\/menuple.com\/site\/wp-json\/wp\/v2\/comments?post=5"}],"version-history":[{"count":21,"href":"https:\/\/menuple.com\/site\/wp-json\/wp\/v2\/pages\/5\/revisions"}],"predecessor-version":[{"id":106,"href":"https:\/\/menuple.com\/site\/wp-json\/wp\/v2\/pages\/5\/revisions\/106"}],"wp:attachment":[{"href":"https:\/\/menuple.com\/site\/wp-json\/wp\/v2\/media?parent=5"}],"curies":[{"name":"wp","href":"https:\/\/api.w.org\/{rel}","templated":true}]}}